{"id":89,"date":"2022-04-06T15:53:32","date_gmt":"2022-04-06T13:53:32","guid":{"rendered":"https:\/\/noemys.jlcwapps.fr\/hotels\/?page_id=89"},"modified":"2026-02-12T12:33:27","modified_gmt":"2026-02-12T11:33:27","slug":"politique-de-confidentialite","status":"publish","type":"page","link":"https:\/\/noemys.fr\/hotels\/politique-de-confidentialite\/","title":{"rendered":"Politique de confidentialit\u00e9"},"content":{"rendered":"\t\t<div data-elementor-type=\"wp-page\" data-elementor-id=\"89\" class=\"elementor elementor-89\">\n\t\t\t\t\t\t\t\t\t<section class=\"elementor-section elementor-top-section elementor-element elementor-element-e87701d elementor-section-height-min-height elementor-section-boxed elementor-section-height-default elementor-section-items-middle\" data-id=\"e87701d\" data-element_type=\"section\" data-settings=\"{&quot;background_background&quot;:&quot;classic&quot;}\">\n\t\t\t\t\t\t<div class=\"elementor-container elementor-column-gap-default\">\n\t\t\t\t\t<div class=\"elementor-column elementor-col-100 elementor-top-column elementor-element elementor-element-4f7f6c3\" data-id=\"4f7f6c3\" data-element_type=\"column\">\n\t\t\t<div class=\"elementor-widget-wrap elementor-element-populated\">\n\t\t\t\t\t\t\t\t<div class=\"elementor-element elementor-element-9b09c67 animated-slow elementor-invisible elementor-widget elementor-widget-heading\" data-id=\"9b09c67\" data-element_type=\"widget\" data-settings=\"{&quot;_animation&quot;:&quot;fadeInDown&quot;}\" data-widget_type=\"heading.default\">\n\t\t\t\t<div class=\"elementor-widget-container\">\n\t\t\t<style>\/*! elementor - v3.6.2 - 04-04-2022 *\/\n.elementor-heading-title{padding:0;margin:0;line-height:1}.elementor-widget-heading .elementor-heading-title[class*=elementor-size-]>a{color:inherit;font-size:inherit;line-height:inherit}.elementor-widget-heading .elementor-heading-title.elementor-size-small{font-size:15px}.elementor-widget-heading .elementor-heading-title.elementor-size-medium{font-size:19px}.elementor-widget-heading .elementor-heading-title.elementor-size-large{font-size:29px}.elementor-widget-heading .elementor-heading-title.elementor-size-xl{font-size:39px}.elementor-widget-heading .elementor-heading-title.elementor-size-xxl{font-size:59px}<\/style><div class=\"elementor-heading-title elementor-size-default\">Politique de confidentialit\u00e9<\/div>\t\t<\/div>\n\t\t\t\t<\/div>\n\t\t\t\t\t<\/div>\n\t\t<\/div>\n\t\t\t\t\t\t\t<\/div>\n\t\t<\/section>\n\t\t\t\t<section class=\"elementor-section elementor-top-section elementor-element elementor-element-c60317b elementor-section-boxed elementor-section-height-default elementor-section-height-default\" data-id=\"c60317b\" data-element_type=\"section\">\n\t\t\t\t\t\t<div class=\"elementor-container elementor-column-gap-default\">\n\t\t\t\t\t<div class=\"elementor-column elementor-col-100 elementor-top-column elementor-element elementor-element-216fb89\" data-id=\"216fb89\" data-element_type=\"column\">\n\t\t\t<div class=\"elementor-widget-wrap elementor-element-populated\">\n\t\t\t\t\t\t\t\t<div class=\"elementor-element elementor-element-a59a348 elementor-widget elementor-widget-text-editor\" data-id=\"a59a348\" data-element_type=\"widget\" data-widget_type=\"text-editor.default\">\n\t\t\t\t<div class=\"elementor-widget-container\">\n\t\t\t<style>\/*! elementor - v3.6.2 - 04-04-2022 *\/\n.elementor-widget-text-editor.elementor-drop-cap-view-stacked .elementor-drop-cap{background-color:#818a91;color:#fff}.elementor-widget-text-editor.elementor-drop-cap-view-framed .elementor-drop-cap{color:#818a91;border:3px solid;background-color:transparent}.elementor-widget-text-editor:not(.elementor-drop-cap-view-default) .elementor-drop-cap{margin-top:8px}.elementor-widget-text-editor:not(.elementor-drop-cap-view-default) .elementor-drop-cap-letter{width:1em;height:1em}.elementor-widget-text-editor .elementor-drop-cap{float:left;text-align:center;line-height:1;font-size:50px}.elementor-widget-text-editor .elementor-drop-cap-letter{display:inline-block}<\/style>\t\t\t\t<h2><b>COLLECTE DES RENSEIGNEMENTS PERSONNELS<\/b><\/h2><p><span style=\"font-weight: 400;\">Nous collectons les renseignements suivants :<\/span><\/p><ul><li style=\"font-weight: 400;\" aria-level=\"1\"><span style=\"font-weight: 400;\">Nom<\/span><\/li><li style=\"font-weight: 400;\" aria-level=\"1\"><span style=\"font-weight: 400;\">Pr\u00e9nom<\/span><\/li><li style=\"font-weight: 400;\" aria-level=\"1\"><span style=\"font-weight: 400;\">Adresse postale<\/span><\/li><li style=\"font-weight: 400;\" aria-level=\"1\"><span style=\"font-weight: 400;\">Code postal<\/span><\/li><li style=\"font-weight: 400;\" aria-level=\"1\"><span style=\"font-weight: 400;\">Adresse \u00e9lectronique<\/span><\/li><li style=\"font-weight: 400;\" aria-level=\"1\"><span style=\"font-weight: 400;\">Num\u00e9ro de t\u00e9l\u00e9phone \/ t\u00e9l\u00e9copieur<\/span><\/li><li style=\"font-weight: 400;\" aria-level=\"1\"><span style=\"font-weight: 400;\">Genre \/ Sexe<\/span><\/li><\/ul><p><span style=\"font-weight: 400;\">Les renseignements personnels que nous collectons sont recueillis au travers de formulaires et gr\u00e2ce \u00e0 l&rsquo;interactivit\u00e9 \u00e9tablie entre vous et notre site Web. Nous utilisons \u00e9galement, comme indiqu\u00e9 dans la section suivante, des fichiers t\u00e9moins et\/ou journaux pour r\u00e9unir des informations vous concernant. <\/span><\/p><p><span style=\"font-weight: 400;\"><strong>Droit d\u2019opposition au d\u00e9marchage t\u00e9l\u00e9phonique<\/strong><br data-start=\"1089\" data-end=\"1092\" \/><\/span><\/p><p>Lorsque nous sommes amen\u00e9s \u00e0 recueillir votre num\u00e9ro de t\u00e9l\u00e9phone dans le cadre d\u2019une r\u00e9servation, vous disposez du droit de vous inscrire sur la liste d\u2019opposition au d\u00e9marchage t\u00e9l\u00e9phonique Bloctel (<a class=\"decorated-link\" href=\"http:\/\/www.bloctel.gouv.fr\" target=\"_new\" rel=\"noopener\" data-start=\"1726\" data-end=\"1745\">www.bloctel.gouv.fr<\/a>), conform\u00e9ment \u00e0 l\u2019article L223-2 du Code de la consommation.<\/p><h2><b>FORMULAIRES ET INTERACTIVIT\u00c9:<\/b><\/h2><p><span style=\"font-weight: 400;\">Vos renseignements personnels sont collect\u00e9s par le biais de formulaire, \u00e0 savoir :<\/span><\/p><ul><li style=\"font-weight: 400;\" aria-level=\"1\"><span style=\"font-weight: 400;\">Formulaire d&rsquo;inscription au site Web<\/span><\/li><li style=\"font-weight: 400;\" aria-level=\"1\"><span style=\"font-weight: 400;\">Formulaire de contact<\/span><\/li><\/ul><p><span style=\"font-weight: 400;\">Nous utilisons les renseignements ainsi collect\u00e9s pour les finalit\u00e9s suivantes :<\/span><\/p><ul><li style=\"font-weight: 400;\" aria-level=\"1\"><span style=\"font-weight: 400;\">Informations \/ Offres promotionnelles<\/span><\/li><li style=\"font-weight: 400;\" aria-level=\"1\"><span style=\"font-weight: 400;\">Statistiques<\/span><\/li><li style=\"font-weight: 400;\" aria-level=\"1\"><span style=\"font-weight: 400;\">Contact<\/span><\/li><\/ul><p><span style=\"font-weight: 400;\">Vos renseignements sont \u00e9galement collect\u00e9s par le biais de l&rsquo;interactivit\u00e9 pouvant s&rsquo;\u00e9tablir entre vous et notre site Web et ce, de la fa\u00e7on suivante:<\/span><\/p><ul><li style=\"font-weight: 400;\" aria-level=\"1\"><span style=\"font-weight: 400;\">Statistiques<\/span><\/li><li style=\"font-weight: 400;\" aria-level=\"1\"><span style=\"font-weight: 400;\">Contact<\/span><\/li><\/ul><p><span style=\"font-weight: 400;\">Nous utilisons les renseignements ainsi collect\u00e9s pour les finalit\u00e9s suivantes :<\/span><\/p><ul><li style=\"font-weight: 400;\" aria-level=\"1\"><span style=\"font-weight: 400;\">Formulaire de contact<\/span><\/li><li style=\"font-weight: 400;\" aria-level=\"1\"><span style=\"font-weight: 400;\">Informations ou pour des offres promotionnelles<\/span><\/li><\/ul><h2><b>FICHIERS JOURNAUX ET T\u00c9MOINS<\/b><\/h2><p><span style=\"font-weight: 400;\">Nous recueillons certaines informations par le biais de fichiers journaux (log file) et de fichiers t\u00e9moins (cookies). Il s&rsquo;agit principalement des informations suivantes :<\/span><\/p><ul><li style=\"font-weight: 400;\" aria-level=\"1\"><span style=\"font-weight: 400;\">Adresse IP<\/span><\/li><li style=\"font-weight: 400;\" aria-level=\"1\"><span style=\"font-weight: 400;\">Syst\u00e8me d&rsquo;exploitation<\/span><\/li><li style=\"font-weight: 400;\" aria-level=\"1\"><span style=\"font-weight: 400;\">Pages visit\u00e9es et requ\u00eates<\/span><\/li><li style=\"font-weight: 400;\" aria-level=\"1\"><span style=\"font-weight: 400;\">Heure et jour de connexion<\/span><\/li><\/ul><p><span style=\"font-weight: 400;\">Le recours \u00e0 de tels fichiers nous permet :<\/span><\/p><ul><li style=\"font-weight: 400;\" aria-level=\"1\"><span style=\"font-weight: 400;\">Am\u00e9lioration du service et accueil personnalis\u00e9<\/span><\/li><li style=\"font-weight: 400;\" aria-level=\"1\"><span style=\"font-weight: 400;\">Profil personnalis\u00e9 de consommation<\/span><\/li><li style=\"font-weight: 400;\" aria-level=\"1\"><span style=\"font-weight: 400;\">Statistique<\/span><\/li><\/ul><h2><b>PARTAGE DES RENSEIGNEMENTS PERSONNELS<\/b><\/h2><p><span style=\"font-weight: 400;\">Nous nous engageons \u00e0 ne pas commercialiser les renseignements personnels collect\u00e9s. Toutefois, il nous arrive de partager ces informations avec des tiers pour les raisons suivantes :<\/span><\/p><ul><li style=\"font-weight: 400;\" aria-level=\"1\"><span style=\"font-weight: 400;\">Profil de consommation<\/span><\/li><li style=\"font-weight: 400;\" aria-level=\"1\"><span style=\"font-weight: 400;\">Ex\u00e9cution de la commande<\/span><\/li><\/ul><p><span style=\"font-weight: 400;\">Si vous ne souhaitez pas que vos renseignements personnels soient communiqu\u00e9s \u00e0 des tiers, il vous est possible de vous y opposer au moment de la collecte ou \u00e0 tout moment par la suite, comme mentionn\u00e9 dans la section suivante.<\/span><\/p><h2><b>DROIT D&rsquo;OPPOSITION ET DE RETRAIT<\/b><\/h2><p><span style=\"font-weight: 400;\">Nous nous engageons \u00e0 vous offrir un droit d&rsquo;opposition et de retrait quant \u00e0 vos renseignements personnels.<\/span><\/p><p><span style=\"font-weight: 400;\">Le droit d&rsquo;opposition s&rsquo;entend comme \u00e9tant la possiblit\u00e9 offerte aux internautes de refuser que leurs renseignements personnels soient utilis\u00e9es \u00e0 certaines fins mentionn\u00e9es lors de la collecte.<\/span><\/p><p><span style=\"font-weight: 400;\">Le droit de retrait s&rsquo;entend comme \u00e9tant la possiblit\u00e9 offerte aux internautes de demander \u00e0 ce que leurs renseignements personnels ne figurent plus, par exemple, dans une liste de diffusion.<\/span><\/p><p><span style=\"font-weight: 400;\">Pour pouvoir exercer ces droits, vous pouvez :<\/span><\/p><p><span style=\"font-weight: 400;\">Code postal : EUROPARC DE PICHAURY BAT C1 &#8211; 1330 AV JRGG DE LA LAUZIERE, Aix en Provence 13290<\/span><\/p><p><span style=\"font-weight: 400;\">Courriel : dpo@groupe-noemys.fr<\/span><\/p><p><span style=\"font-weight: 400;\">T\u00e9l\u00e9phone : 04 42 97 39 00<\/span><\/p><p><span style=\"font-weight: 400;\">Section du site web :<\/span><a href=\"https:\/\/noemys.fr\/\"><span style=\"font-weight: 400;\"> https:\/\/hotels.noemys.fr\/<\/span><\/a><\/p><h2><b>DROIT D&rsquo;ACC\u00c8S<\/b><\/h2><p><span style=\"font-weight: 400;\">Nous nous engageons \u00e0 reconna\u00eetre un droit d&rsquo;acc\u00e8s et de rectification aux personnes concern\u00e9es d\u00e9sireuses de consulter, modifier, voire radier les informations les concernant.<\/span><\/p><p><span style=\"font-weight: 400;\">L&rsquo;exercice de ce droit se fera :<\/span><\/p><p><span style=\"font-weight: 400;\">Code postal : EUROPARC DE PICHAURY BAT C1 &#8211; 1330 AV JRGG DE LA LAUZIERE, Aix en Provence 13290<\/span><\/p><p><span style=\"font-weight: 400;\">Courriel : dpo@groupe-noemys.fr<\/span><\/p><p><span style=\"font-weight: 400;\">T\u00e9l\u00e9phone : 04 42 97 39 00<\/span><\/p><p><span style=\"font-weight: 400;\">Section du site web :<\/span><a href=\"https:\/\/noemys.fr\/\"><span style=\"font-weight: 400;\"> https:\/\/hotels.noemys.fr\/<\/span><\/a><\/p><h2><b>S\u00c9CURIT\u00c9<\/b><\/h2><p><span style=\"font-weight: 400;\">Les renseignements personnels que nous collectons sont conserv\u00e9s dans un environnement s\u00e9curis\u00e9. Les personnes travaillant pour nous sont tenues de respecter la confidentialit\u00e9 de vos informations.<\/span><\/p><p><span style=\"font-weight: 400;\">Pour assurer la s\u00e9curit\u00e9 de vos renseignements personnels, nous avons recours aux mesures suivantes :<\/span><\/p><ul><li style=\"font-weight: 400;\" aria-level=\"1\"><span style=\"font-weight: 400;\">Protocole SSL (Secure Sockets Layer)<\/span><\/li><li style=\"font-weight: 400;\" aria-level=\"1\"><span style=\"font-weight: 400;\">Gestion des acc\u00e8s &#8211; personne autoris\u00e9e<\/span><\/li><li style=\"font-weight: 400;\" aria-level=\"1\"><span style=\"font-weight: 400;\">Gestion des acc\u00e8s &#8211; personne concern\u00e9e<\/span><\/li><li style=\"font-weight: 400;\" aria-level=\"1\"><span style=\"font-weight: 400;\">Sauvegarde informatique<\/span><\/li><li style=\"font-weight: 400;\" aria-level=\"1\"><span style=\"font-weight: 400;\">D\u00e9veloppement de certificat num\u00e9rique<\/span><\/li><li style=\"font-weight: 400;\" aria-level=\"1\"><span style=\"font-weight: 400;\">Identifiant \/ mot de passe<\/span><\/li><li style=\"font-weight: 400;\" aria-level=\"1\"><span style=\"font-weight: 400;\">Pare-feu (Firewalls)<\/span><\/li><\/ul><p><span style=\"font-weight: 400;\">Nous nous engageons \u00e0 maintenir un haut degr\u00e9 de confidentialit\u00e9 en int\u00e9grant les derni\u00e8res innovations technologiques permettant d&rsquo;assurer la confidentialit\u00e9 de vos transactions. Toutefois, comme aucun m\u00e9canisme n&rsquo;offre une s\u00e9curit\u00e9 maximale, une part de risque est toujours pr\u00e9sente lorsque l&rsquo;on utilise Internet pour transmettre des renseignements personnels.<\/span><\/p><h2><b>L\u00c9GISLATION<\/b><\/h2><p><span style=\"font-weight: 400;\">Nous nous engageons \u00e0 respecter les dispositions l\u00e9gislatives \u00e9nonc\u00e9es dans :<\/span><\/p><p><span style=\"font-weight: 400;\">R\u00e9glement G\u00e9n\u00e9ral sur la Protection des Donn\u00e9es (RGPD)<\/span><\/p><h2><b>COOKIES<\/b><\/h2><h3><span style=\"font-weight: 400;\">Qu\u2019est-ce qu\u2019un cookie ?<\/span><\/h3><p><span style=\"font-weight: 400;\">Les cookies sont de petits fichiers texte qui sont install\u00e9s sur votre ordinateur ou votre p\u00e9riph\u00e9rique lorsque vous visitez nos sites Web.<\/span><\/p><h3><span style=\"font-weight: 400;\">Finalit\u00e9 des cookies<\/span><\/h3><p><span style=\"font-weight: 400;\">Nous utilisons les cookies afin de rendre vos visites et vos achats sur nos sites plus efficaces. Les cookies nous permettent \u00e9galement d\u2019am\u00e9liorer la navigation sur nos sites et de comprendre vos comportements.<\/span><\/p><h3><span style=\"font-weight: 400;\">Notre utilisation des cookies<\/span><\/h3><p><span style=\"font-weight: 400;\">Nous utilisons les cookies pour : \u2013 M\u00e9moriser vos pr\u00e9f\u00e9rences de navigation telles que votre langue, la taille de la police, la pr\u00e9sentation de la page ou les couleurs pr\u00e9f\u00e9r\u00e9es. Le tout pour vous permettre de parcourir notre site plus rapidement et plus facilement. \u2013 Collecter des informations analytiques pour, par exemple, compter le nombre de visiteurs sur nos sites Web et identifier les pages de nos sites que vous visitez le plus souvent. Nous utilisons les donn\u00e9es d\u2019analyse que nous collectons \u00e0 des fins marketing et de planification des ressources. \u2013 D\u00e9terminer si nos clients et visiteurs s\u2019adaptent facilement aux modifications que nous pouvons apporter \u00e0 nos sites Web.<\/span><\/p><h3><span style=\"font-weight: 400;\">Informations collect\u00e9es gr\u00e2ce aux cookies<\/span><\/h3><p><span style=\"font-weight: 400;\">Les cookies nous aident \u00e0 recueillir des renseignements sur la fa\u00e7on dont vous utilisez notre site Web, mais nous ne conservons aucune information permettant de vous identifier personnellement dans les donn\u00e9es de nos cookies vous concernant. Nous enregistrons uniquement un identifiant de session unique qui nous aidera \u00e0 retrouver un profil d\u2019utilisateur ainsi que vos pr\u00e9f\u00e9rences lors de votre prochaine visite.<\/span><\/p><h3><span style=\"font-weight: 400;\">Types de cookies<\/span><\/h3><p><span style=\"font-weight: 400;\">\u2013 Cookies de session : les cookies de ce type sont temporairement stock\u00e9s sur votre ordinateur ou votre p\u00e9riph\u00e9rique pendant une session de navigation. Ils sont effac\u00e9s de votre ordinateur ou de votre p\u00e9riph\u00e9rique \u00e0 la fin de la session de navigation. \u2013 Cookies permanents : les cookies de ce type demeurent plus longtemps sur votre ordinateur. Les cookies permanents nous aident \u00e0 vous reconna\u00eetre lorsque nous devons savoir qui vous \u00eates pour plus d\u2019une session de navigation.<\/span><\/p><h3><span style=\"font-weight: 400;\">Gestion des cookies<\/span><\/h3><p><span style=\"font-weight: 400;\">Le menu de la plupart des navigateurs comporte des options vous permettant de g\u00e9rer vos cookies en r\u00e9glant ou en configurant vos param\u00e8tres de cookies. G\u00e9n\u00e9ralement, le navigateur vous offre la possibilit\u00e9 : \u2013 d\u2019afficher vos cookies ; \u2013 d\u2019autoriser les cookies ; \u2013 de d\u00e9sactiver tous les cookies, ou uniquement des cookies pr\u00e9cis ; \u2013 de d\u00e9sactiver tous les cookies lorsque vous fermez votre navigateur ; \u2013 de bloquer les cookies ; \u2013 d\u2019\u00eatre inform\u00e9 lorsque vous recevez un cookie. Veuillez noter que si vous choisissez de bloquer nos cookies, la plupart des fonctionnalit\u00e9s de ce site seront d\u00e9sactiv\u00e9es (notamment l\u2019inscription, la possibilit\u00e9 de poster un commentaire et toute autre interaction) et votre navigation risque \u00e9galement d\u2019en \u00eatre affect\u00e9e. Si vous configurez les options de votre navigateur pour supprimer tous les cookies, vos pr\u00e9f\u00e9rences de navigation seront effac\u00e9es \u00e0 la fermeture de votre navigateur. Veuillez noter qu\u2019\u00e0 moins que vous n\u2019ayez r\u00e9gl\u00e9 les param\u00e8tres de votre navigateur de fa\u00e7on \u00e0 refuser les cookies, notre syst\u00e8me \u00e9mettra des cookies d\u00e8s que vous vous rendrez sur l\u2019un de nos sites.<\/span><\/p><h3><span style=\"font-weight: 400;\">Informations suppl\u00e9mentaires sur les cookies<\/span><\/h3><p><span style=\"font-weight: 400;\">Pour en savoir plus sur les cookies, nous vous invitons \u00e0 consulter la page de la CNIL : <\/span><a href=\"http:\/\/www.cnil.fr\/vos-libertes\/vos-traces\/les-cookies\/\" target=\"_blank\" rel=\"noopener\"><span style=\"font-weight: 400;\">http:\/\/www.cnil.fr\/vos-libertes\/vos-traces\/les-cookies\/<\/span><\/a><\/p>\t\t\t\t\t\t<\/div>\n\t\t\t\t<\/div>\n\t\t\t\t\t<\/div>\n\t\t<\/div>\n\t\t\t\t\t\t\t<\/div>\n\t\t<\/section>\n\t\t\t\t\t\t\t<\/div>\n\t\t","protected":false},"excerpt":{"rendered":"<p>Politique de confidentialit\u00e9 COLLECTE DES RENSEIGNEMENTS PERSONNELS Nous collectons les renseignements suivants : Nom Pr\u00e9nom Adresse postale Code postal Adresse \u00e9lectronique Num\u00e9ro de t\u00e9l\u00e9phone \/ t\u00e9l\u00e9copieur Genre \/ Sexe Les renseignements personnels que nous collectons sont recueillis au travers de formulaires et gr\u00e2ce \u00e0 l&rsquo;interactivit\u00e9 \u00e9tablie entre vous et notre site Web. Nous utilisons \u00e9galement, [&hellip;]<\/p>\n","protected":false},"author":2,"featured_media":0,"parent":0,"menu_order":0,"comment_status":"closed","ping_status":"closed","template":"","meta":[],"acf":[],"_links":{"self":[{"href":"https:\/\/noemys.fr\/hotels\/wp-json\/wp\/v2\/pages\/89"}],"collection":[{"href":"https:\/\/noemys.fr\/hotels\/wp-json\/wp\/v2\/pages"}],"about":[{"href":"https:\/\/noemys.fr\/hotels\/wp-json\/wp\/v2\/types\/page"}],"author":[{"embeddable":true,"href":"https:\/\/noemys.fr\/hotels\/wp-json\/wp\/v2\/users\/2"}],"replies":[{"embeddable":true,"href":"https:\/\/noemys.fr\/hotels\/wp-json\/wp\/v2\/comments?post=89"}],"version-history":[{"count":17,"href":"https:\/\/noemys.fr\/hotels\/wp-json\/wp\/v2\/pages\/89\/revisions"}],"predecessor-version":[{"id":10067,"href":"https:\/\/noemys.fr\/hotels\/wp-json\/wp\/v2\/pages\/89\/revisions\/10067"}],"wp:attachment":[{"href":"https:\/\/noemys.fr\/hotels\/wp-json\/wp\/v2\/media?parent=89"}],"curies":[{"name":"wp","href":"https:\/\/api.w.org\/{rel}","templated":true}]}}